{"id":21099,"date":"2025-06-27T12:14:53","date_gmt":"2025-06-27T12:14:53","guid":{"rendered":"https:\/\/expert-themes.com\/wp\/constrc\/?page_id=21099"},"modified":"2025-10-21T16:25:10","modified_gmt":"2025-10-21T14:25:10","slug":"actualites","status":"publish","type":"page","link":"https:\/\/africa4tourism.com\/en\/actualites\/","title":{"rendered":"News"},"content":{"rendered":"<div data-elementor-type=\"wp-page\" data-elementor-id=\"21099\" class=\"elementor elementor-21099\">\n\t\t\t\t<div class=\"elementor-element elementor-element-44ab10f e-flex e-con-boxed wpr-particle-no wpr-jarallax-no wpr-parallax-no wpr-sticky-section-no e-con e-parent\" data-id=\"44ab10f\" data-element_type=\"container\" data-e-type=\"container\">\n\t\t\t\t\t<div class=\"e-con-inner\">\n\t\t\t\t<div class=\"elementor-element elementor-element-fed286c exp-post-layout-post-2 elementor-widget elementor-widget-post_grid\" data-id=\"fed286c\" data-element_type=\"widget\" data-e-type=\"widget\" data-widget_type=\"post_grid.default\">\n\t\t\t\t<div class=\"elementor-widget-container\">\n\t\t\t\t\t\r\n<!-- ==== blog section start ==== -->\r\n<section id=\"post_grid-fed286c-7547\" class=\"news-two style-two exp-grid p-0 m-0\" data-layout=\"masonry\" data-start-page=\"1\" data-max-pages=\"1\" data-total=\"8\" data-next-link=\"\">\r\n        \r\n        <div class=\"exp-grid-inner exp-grid-masonry row\" data-gutter=\"15\">\r\n            <div class=\"grid-sizer col-xl-4 col-lg-4 col-md-4 col-sm-6 col-12\"><\/div>\r\n                        \r\n            <div class=\"news-block_two exp-grid-item col-xl-4 col-lg-4 col-md-4 col-sm-6 col-12\">\r\n                <div class=\"news-block_two-inner\">\r\n                    \r\n                    <div class=\"news-block_two-image_outer\">\r\n                        \r\n                                                     <div class=\"news-block_two-date te-date\">22<span>Jun<\/span><\/div>\r\n                        \r\n                        \r\n                                                    <div class=\"news-block_two-image\">\r\n                                <a href=\"https:\/\/africa4tourism.com\/en\/le-senegal-une-destination-phare-pour-les-escapades-authentiques\/\">\r\n                                    <img fetchpriority=\"high\" decoding=\"async\" class=\"\" src=\"https:\/\/africa4tourism.com\/wp-content\/uploads\/2025\/06\/Frame-1000001326-470x270.png\" width=\"470\" height=\"270\" alt=\"Frame 1000001326\" title=\"Frame 1000001326\" \/>                                <\/a>\r\n                                <img fetchpriority=\"high\" decoding=\"async\" class=\"\" src=\"https:\/\/africa4tourism.com\/wp-content\/uploads\/2025\/06\/Frame-1000001326-470x270.png\" width=\"470\" height=\"270\" alt=\"Frame 1000001326\" title=\"Frame 1000001326\" \/>                            <\/div>\r\n                                                \r\n                    <\/div>\r\n                    \r\n                    \r\n                    <div class=\"news-block_two-content\">\r\n                        \r\n                        \t\t\t\t\t\t\r\n\t\t\t\t\t\t\r\n\t\t\t\t\t\t                \r\n                            <h4 class=\"news-block_two-title\">\r\n                                <a class=\"te-title\" href=\"https:\/\/africa4tourism.com\/en\/le-senegal-une-destination-phare-pour-les-escapades-authentiques\/\">Senegal, a leading destination for authentic getaways.<\/a>\r\n                            <\/h4>\r\n                        \r\n                                                \r\n                                                     <div class=\"news-block_two-text te-text\">\r\n                                                            <\/div>\r\n                        \t\t\t\t\t\t\r\n\t\t\t\t\t\t                            <a class=\"news-block_two-more te-btn\" href=\"https:\/\/africa4tourism.com\/en\/le-senegal-une-destination-phare-pour-les-escapades-authentiques\/\">\r\n                                                                    Read more                                                                <i class=\"fa-classic fa-solid fa-arrow-right fa-fw\"><\/i>\r\n                            <\/a>\r\n                        \t\t\t\t\t\t\r\n\t\t\t\t\t<\/div>\r\n                   \r\n                <\/div>\r\n                \r\n            <\/div>\r\n            \r\n                    \r\n            <div class=\"news-block_two exp-grid-item col-xl-4 col-lg-4 col-md-4 col-sm-6 col-12\">\r\n                <div class=\"news-block_two-inner\">\r\n                    \r\n                    <div class=\"news-block_two-image_outer\">\r\n                        \r\n                                                     <div class=\"news-block_two-date te-date\">22<span>Jun<\/span><\/div>\r\n                        \r\n                        \r\n                                                    <div class=\"news-block_two-image\">\r\n                                <a href=\"https:\/\/africa4tourism.com\/en\/saint-louis-et-diogo-un-voyage-au-coeur-du-patrimoine-senegalais\/\">\r\n                                    <img decoding=\"async\" class=\"\" src=\"https:\/\/africa4tourism.com\/wp-content\/uploads\/2025\/06\/Frame-1000001327-470x270.png\" width=\"470\" height=\"270\" alt=\"Frame 1000001327\" title=\"Frame 1000001327\" \/>                                <\/a>\r\n                                <img decoding=\"async\" class=\"\" src=\"https:\/\/africa4tourism.com\/wp-content\/uploads\/2025\/06\/Frame-1000001327-470x270.png\" width=\"470\" height=\"270\" alt=\"Frame 1000001327\" title=\"Frame 1000001327\" \/>                            <\/div>\r\n                                                \r\n                    <\/div>\r\n                    \r\n                    \r\n                    <div class=\"news-block_two-content\">\r\n                        \r\n                        \t\t\t\t\t\t\r\n\t\t\t\t\t\t\r\n\t\t\t\t\t\t                \r\n                            <h4 class=\"news-block_two-title\">\r\n                                <a class=\"te-title\" href=\"https:\/\/africa4tourism.com\/en\/saint-louis-et-diogo-un-voyage-au-coeur-du-patrimoine-senegalais\/\">Saint-Louis and Diogo: a journey to the heart of Senegalese heritage<\/a>\r\n                            <\/h4>\r\n                        \r\n                                                \r\n                                                     <div class=\"news-block_two-text te-text\">\r\n                                                            <\/div>\r\n                        \t\t\t\t\t\t\r\n\t\t\t\t\t\t                            <a class=\"news-block_two-more te-btn\" href=\"https:\/\/africa4tourism.com\/en\/saint-louis-et-diogo-un-voyage-au-coeur-du-patrimoine-senegalais\/\">\r\n                                                                    Read more                                                                <i class=\"fa-classic fa-solid fa-arrow-right fa-fw\"><\/i>\r\n                            <\/a>\r\n                        \t\t\t\t\t\t\r\n\t\t\t\t\t<\/div>\r\n                   \r\n                <\/div>\r\n                \r\n            <\/div>\r\n            \r\n                    \r\n            <div class=\"news-block_two exp-grid-item col-xl-4 col-lg-4 col-md-4 col-sm-6 col-12\">\r\n                <div class=\"news-block_two-inner\">\r\n                    \r\n                    <div class=\"news-block_two-image_outer\">\r\n                        \r\n                                                     <div class=\"news-block_two-date te-date\">22<span>Jun<\/span><\/div>\r\n                        \r\n                        \r\n                                                    <div class=\"news-block_two-image\">\r\n                                <a href=\"https:\/\/africa4tourism.com\/en\/le-delta-du-saloum-une-immersion-entre-nature-et-culture\/\">\r\n                                    <img decoding=\"async\" class=\"\" src=\"https:\/\/africa4tourism.com\/wp-content\/uploads\/2025\/06\/Frame-1000001328-470x270.png\" width=\"470\" height=\"270\" alt=\"Frame 1000001328\" title=\"Frame 1000001328\" \/>                                <\/a>\r\n                                <img decoding=\"async\" class=\"\" src=\"https:\/\/africa4tourism.com\/wp-content\/uploads\/2025\/06\/Frame-1000001328-470x270.png\" width=\"470\" height=\"270\" alt=\"Frame 1000001328\" title=\"Frame 1000001328\" \/>                            <\/div>\r\n                                                \r\n                    <\/div>\r\n                    \r\n                    \r\n                    <div class=\"news-block_two-content\">\r\n                        \r\n                        \t\t\t\t\t\t\r\n\t\t\t\t\t\t\r\n\t\t\t\t\t\t                \r\n                            <h4 class=\"news-block_two-title\">\r\n                                <a class=\"te-title\" href=\"https:\/\/africa4tourism.com\/en\/le-delta-du-saloum-une-immersion-entre-nature-et-culture\/\">The Saloum Delta: an immersion between nature and culture.<\/a>\r\n                            <\/h4>\r\n                        \r\n                                                \r\n                                                     <div class=\"news-block_two-text te-text\">\r\n                                                            <\/div>\r\n                        \t\t\t\t\t\t\r\n\t\t\t\t\t\t                            <a class=\"news-block_two-more te-btn\" href=\"https:\/\/africa4tourism.com\/en\/le-delta-du-saloum-une-immersion-entre-nature-et-culture\/\">\r\n                                                                    Read more                                                                <i class=\"fa-classic fa-solid fa-arrow-right fa-fw\"><\/i>\r\n                            <\/a>\r\n                        \t\t\t\t\t\t\r\n\t\t\t\t\t<\/div>\r\n                   \r\n                <\/div>\r\n                \r\n            <\/div>\r\n            \r\n                    \r\n            <div class=\"news-block_two exp-grid-item col-xl-4 col-lg-4 col-md-4 col-sm-6 col-12\">\r\n                <div class=\"news-block_two-inner\">\r\n                    \r\n                    <div class=\"news-block_two-image_outer\">\r\n                        \r\n                                                     <div class=\"news-block_two-date te-date\">22<span>Jun<\/span><\/div>\r\n                        \r\n                        \r\n                                                    <div class=\"news-block_two-image\">\r\n                                <a href=\"https:\/\/africa4tourism.com\/en\/les-nouvelles-tendances-du-tourisme-au-senegal-entre-luxe-et-ecotourisme\/\">\r\n                                    <img loading=\"lazy\" decoding=\"async\" class=\"\" src=\"https:\/\/africa4tourism.com\/wp-content\/uploads\/2025\/06\/Frame-1000001329-470x270.png\" width=\"470\" height=\"270\" alt=\"Frame 1000001329\" title=\"Frame 1000001329\" \/>                                <\/a>\r\n                                <img loading=\"lazy\" decoding=\"async\" class=\"\" src=\"https:\/\/africa4tourism.com\/wp-content\/uploads\/2025\/06\/Frame-1000001329-470x270.png\" width=\"470\" height=\"270\" alt=\"Frame 1000001329\" title=\"Frame 1000001329\" \/>                            <\/div>\r\n                                                \r\n                    <\/div>\r\n                    \r\n                    \r\n                    <div class=\"news-block_two-content\">\r\n                        \r\n                        \t\t\t\t\t\t\r\n\t\t\t\t\t\t\r\n\t\t\t\t\t\t                \r\n                            <h4 class=\"news-block_two-title\">\r\n                                <a class=\"te-title\" href=\"https:\/\/africa4tourism.com\/en\/les-nouvelles-tendances-du-tourisme-au-senegal-entre-luxe-et-ecotourisme\/\">New trends in tourism in Senegal: between luxury and ecotourism.<\/a>\r\n                            <\/h4>\r\n                        \r\n                                                \r\n                                                     <div class=\"news-block_two-text te-text\">\r\n                                                            <\/div>\r\n                        \t\t\t\t\t\t\r\n\t\t\t\t\t\t                            <a class=\"news-block_two-more te-btn\" href=\"https:\/\/africa4tourism.com\/en\/les-nouvelles-tendances-du-tourisme-au-senegal-entre-luxe-et-ecotourisme\/\">\r\n                                                                    Read more                                                                <i class=\"fa-classic fa-solid fa-arrow-right fa-fw\"><\/i>\r\n                            <\/a>\r\n                        \t\t\t\t\t\t\r\n\t\t\t\t\t<\/div>\r\n                   \r\n                <\/div>\r\n                \r\n            <\/div>\r\n            \r\n                    \r\n            <div class=\"news-block_two exp-grid-item col-xl-4 col-lg-4 col-md-4 col-sm-6 col-12\">\r\n                <div class=\"news-block_two-inner\">\r\n                    \r\n                    <div class=\"news-block_two-image_outer\">\r\n                        \r\n                                                     <div class=\"news-block_two-date te-date\">22<span>Jun<\/span><\/div>\r\n                        \r\n                        \r\n                                                    <div class=\"news-block_two-image\">\r\n                                <a href=\"https:\/\/africa4tourism.com\/en\/fadiouth-lile-aux-coquillages-un-tresor-cache-du-senegal\/\">\r\n                                    <img loading=\"lazy\" decoding=\"async\" class=\"\" src=\"https:\/\/africa4tourism.com\/wp-content\/uploads\/2025\/06\/Frame-1000001330-470x270.png\" width=\"470\" height=\"270\" alt=\"Frame 1000001330\" title=\"Frame 1000001330\" \/>                                <\/a>\r\n                                <img loading=\"lazy\" decoding=\"async\" class=\"\" src=\"https:\/\/africa4tourism.com\/wp-content\/uploads\/2025\/06\/Frame-1000001330-470x270.png\" width=\"470\" height=\"270\" alt=\"Frame 1000001330\" title=\"Frame 1000001330\" \/>                            <\/div>\r\n                                                \r\n                    <\/div>\r\n                    \r\n                    \r\n                    <div class=\"news-block_two-content\">\r\n                        \r\n                        \t\t\t\t\t\t\r\n\t\t\t\t\t\t\r\n\t\t\t\t\t\t                \r\n                            <h4 class=\"news-block_two-title\">\r\n                                <a class=\"te-title\" href=\"https:\/\/africa4tourism.com\/en\/fadiouth-lile-aux-coquillages-un-tresor-cache-du-senegal\/\">Fadiouth, the shell island, a hidden treasure of Senegal.<\/a>\r\n                            <\/h4>\r\n                        \r\n                                                \r\n                                                     <div class=\"news-block_two-text te-text\">\r\n                                                            <\/div>\r\n                        \t\t\t\t\t\t\r\n\t\t\t\t\t\t                            <a class=\"news-block_two-more te-btn\" href=\"https:\/\/africa4tourism.com\/en\/fadiouth-lile-aux-coquillages-un-tresor-cache-du-senegal\/\">\r\n                                                                    Read more                                                                <i class=\"fa-classic fa-solid fa-arrow-right fa-fw\"><\/i>\r\n                            <\/a>\r\n                        \t\t\t\t\t\t\r\n\t\t\t\t\t<\/div>\r\n                   \r\n                <\/div>\r\n                \r\n            <\/div>\r\n            \r\n                    \r\n            <div class=\"news-block_two exp-grid-item col-xl-4 col-lg-4 col-md-4 col-sm-6 col-12\">\r\n                <div class=\"news-block_two-inner\">\r\n                    \r\n                    <div class=\"news-block_two-image_outer\">\r\n                        \r\n                                                     <div class=\"news-block_two-date te-date\">22<span>Jun<\/span><\/div>\r\n                        \r\n                        \r\n                                                    <div class=\"news-block_two-image\">\r\n                                <a href=\"https:\/\/africa4tourism.com\/en\/le-lac-rose-une-merveille-naturelle-qui-attire-les-voyageurs-du-monde-entier\/\">\r\n                                    <img loading=\"lazy\" decoding=\"async\" class=\"\" src=\"https:\/\/africa4tourism.com\/wp-content\/uploads\/2025\/06\/Frame-1000001332-470x270.png\" width=\"470\" height=\"270\" alt=\"Frame 1000001332\" title=\"Frame 1000001332\" \/>                                <\/a>\r\n                                <img loading=\"lazy\" decoding=\"async\" class=\"\" src=\"https:\/\/africa4tourism.com\/wp-content\/uploads\/2025\/06\/Frame-1000001332-470x270.png\" width=\"470\" height=\"270\" alt=\"Frame 1000001332\" title=\"Frame 1000001332\" \/>                            <\/div>\r\n                                                \r\n                    <\/div>\r\n                    \r\n                    \r\n                    <div class=\"news-block_two-content\">\r\n                        \r\n                        \t\t\t\t\t\t\r\n\t\t\t\t\t\t\r\n\t\t\t\t\t\t                \r\n                            <h4 class=\"news-block_two-title\">\r\n                                <a class=\"te-title\" href=\"https:\/\/africa4tourism.com\/en\/le-lac-rose-une-merveille-naturelle-qui-attire-les-voyageurs-du-monde-entier\/\">Pink Lake: a natural wonder that attracts travelers from all over the world.<\/a>\r\n                            <\/h4>\r\n                        \r\n                                                \r\n                                                     <div class=\"news-block_two-text te-text\">\r\n                                                            <\/div>\r\n                        \t\t\t\t\t\t\r\n\t\t\t\t\t\t                            <a class=\"news-block_two-more te-btn\" href=\"https:\/\/africa4tourism.com\/en\/le-lac-rose-une-merveille-naturelle-qui-attire-les-voyageurs-du-monde-entier\/\">\r\n                                                                    Read more                                                                <i class=\"fa-classic fa-solid fa-arrow-right fa-fw\"><\/i>\r\n                            <\/a>\r\n                        \t\t\t\t\t\t\r\n\t\t\t\t\t<\/div>\r\n                   \r\n                <\/div>\r\n                \r\n            <\/div>\r\n            \r\n                    \r\n            <div class=\"news-block_two exp-grid-item col-xl-4 col-lg-4 col-md-4 col-sm-6 col-12\">\r\n                <div class=\"news-block_two-inner\">\r\n                    \r\n                    <div class=\"news-block_two-image_outer\">\r\n                        \r\n                                                     <div class=\"news-block_two-date te-date\">22<span>Jun<\/span><\/div>\r\n                        \r\n                        \r\n                                                    <div class=\"news-block_two-image\">\r\n                                <a href=\"https:\/\/africa4tourism.com\/en\/casamance-une-region-aux-paysages-paradisiaques-et-a-lhospitalite-legendaire\/\">\r\n                                    <img loading=\"lazy\" decoding=\"async\" class=\"\" src=\"https:\/\/africa4tourism.com\/wp-content\/uploads\/2025\/06\/Frame-1000001331-470x270.png\" width=\"470\" height=\"270\" alt=\"Frame 1000001331\" title=\"Frame 1000001331\" \/>                                <\/a>\r\n                                <img loading=\"lazy\" decoding=\"async\" class=\"\" src=\"https:\/\/africa4tourism.com\/wp-content\/uploads\/2025\/06\/Frame-1000001331-470x270.png\" width=\"470\" height=\"270\" alt=\"Frame 1000001331\" title=\"Frame 1000001331\" \/>                            <\/div>\r\n                                                \r\n                    <\/div>\r\n                    \r\n                    \r\n                    <div class=\"news-block_two-content\">\r\n                        \r\n                        \t\t\t\t\t\t\r\n\t\t\t\t\t\t\r\n\t\t\t\t\t\t                \r\n                            <h4 class=\"news-block_two-title\">\r\n                                <a class=\"te-title\" href=\"https:\/\/africa4tourism.com\/en\/casamance-une-region-aux-paysages-paradisiaques-et-a-lhospitalite-legendaire\/\">Casamance: a region with heavenly landscapes and legendary hospitality.<\/a>\r\n                            <\/h4>\r\n                        \r\n                                                \r\n                                                     <div class=\"news-block_two-text te-text\">\r\n                                                            <\/div>\r\n                        \t\t\t\t\t\t\r\n\t\t\t\t\t\t                            <a class=\"news-block_two-more te-btn\" href=\"https:\/\/africa4tourism.com\/en\/casamance-une-region-aux-paysages-paradisiaques-et-a-lhospitalite-legendaire\/\">\r\n                                                                    Read more                                                                <i class=\"fa-classic fa-solid fa-arrow-right fa-fw\"><\/i>\r\n                            <\/a>\r\n                        \t\t\t\t\t\t\r\n\t\t\t\t\t<\/div>\r\n                   \r\n                <\/div>\r\n                \r\n            <\/div>\r\n            \r\n                    \r\n            <div class=\"news-block_two exp-grid-item col-xl-4 col-lg-4 col-md-4 col-sm-6 col-12\">\r\n                <div class=\"news-block_two-inner\">\r\n                    \r\n                    <div class=\"news-block_two-image_outer\">\r\n                        \r\n                                                     <div class=\"news-block_two-date te-date\">22<span>Jun<\/span><\/div>\r\n                        \r\n                        \r\n                                                    <div class=\"news-block_two-image\">\r\n                                <a href=\"https:\/\/africa4tourism.com\/en\/le-tourisme-culturel-au-senegal-a-la-decouverte-des-traditions-et-du-patrimoine\/\">\r\n                                    <img loading=\"lazy\" decoding=\"async\" class=\"\" src=\"https:\/\/africa4tourism.com\/wp-content\/uploads\/2025\/06\/Frame-1000001333-470x270.png\" width=\"470\" height=\"270\" alt=\"Frame 1000001333\" title=\"Frame 1000001333\" \/>                                <\/a>\r\n                                <img loading=\"lazy\" decoding=\"async\" class=\"\" src=\"https:\/\/africa4tourism.com\/wp-content\/uploads\/2025\/06\/Frame-1000001333-470x270.png\" width=\"470\" height=\"270\" alt=\"Frame 1000001333\" title=\"Frame 1000001333\" \/>                            <\/div>\r\n                                                \r\n                    <\/div>\r\n                    \r\n                    \r\n                    <div class=\"news-block_two-content\">\r\n                        \r\n                        \t\t\t\t\t\t\r\n\t\t\t\t\t\t\r\n\t\t\t\t\t\t                \r\n                            <h4 class=\"news-block_two-title\">\r\n                                <a class=\"te-title\" href=\"https:\/\/africa4tourism.com\/en\/le-tourisme-culturel-au-senegal-a-la-decouverte-des-traditions-et-du-patrimoine\/\">Cultural tourism in Senegal: discovering traditions and heritage.<\/a>\r\n                            <\/h4>\r\n                        \r\n                                                \r\n                                                     <div class=\"news-block_two-text te-text\">\r\n                                                            <\/div>\r\n                        \t\t\t\t\t\t\r\n\t\t\t\t\t\t                            <a class=\"news-block_two-more te-btn\" href=\"https:\/\/africa4tourism.com\/en\/le-tourisme-culturel-au-senegal-a-la-decouverte-des-traditions-et-du-patrimoine\/\">\r\n                                                                    Read more                                                                <i class=\"fa-classic fa-solid fa-arrow-right fa-fw\"><\/i>\r\n                            <\/a>\r\n                        \t\t\t\t\t\t\r\n\t\t\t\t\t<\/div>\r\n                   \r\n                <\/div>\r\n                \r\n            <\/div>\r\n            \r\n                <\/div>\r\n                \r\n<\/section>\r\n<!-- ==== \/ blog section end ==== -->\r\n\r\n\r\n\t\t\t\t<\/div>\n\t\t\t\t<\/div>\n\t\t\t\t\t<\/div>\n\t\t\t\t<\/div>\n\t\t\t\t<\/div>","protected":false},"excerpt":{"rendered":"<p>22Juin Le S\u00e9negal, une destination phare pour les escapades authentiques. Lire plus 22Juin Saint-Louis et Diogo : un voyage au c\u0153ur du patrimoine s\u00e9n\u00e9galais Lire plus 22Juin Le Delta du Saloum : une immersion entre nature et culture. Lire plus 22Juin Les nouvelles tendances du tourisme au S\u00e9n\u00e9gal : entre luxe et \u00e9cotourisme. Lire plus 22Juin Fadiouth, l\u2019\u00eele aux coquillages, un tr\u00e9sor cach\u00e9 du S\u00e9n\u00e9gal. Lire plus 22Juin Le Lac Rose : une merveille naturelle qui attire les voyageurs du monde entier. Lire plus 22Juin Casamance : une r\u00e9gion aux paysages paradisiaques et \u00e0 l\u2019hospitalit\u00e9 l\u00e9gendaire. Lire plus 22Juin Le tourisme culturel au S\u00e9n\u00e9gal : \u00e0 la d\u00e9couverte des traditions et du patrimoine. Lire plus<\/p>","protected":false},"author":1,"featured_media":0,"parent":0,"menu_order":0,"comment_status":"closed","ping_status":"closed","template":"elementor_header_footer","meta":{"footnotes":""},"class_list":["post-21099","page","type-page","status-publish","hentry"],"_links":{"self":[{"href":"https:\/\/africa4tourism.com\/en\/wp-json\/wp\/v2\/pages\/21099","targetHints":{"allow":["GET"]}}],"collection":[{"href":"https:\/\/africa4tourism.com\/en\/wp-json\/wp\/v2\/pages"}],"about":[{"href":"https:\/\/africa4tourism.com\/en\/wp-json\/wp\/v2\/types\/page"}],"author":[{"embeddable":true,"href":"https:\/\/africa4tourism.com\/en\/wp-json\/wp\/v2\/users\/1"}],"replies":[{"embeddable":true,"href":"https:\/\/africa4tourism.com\/en\/wp-json\/wp\/v2\/comments?post=21099"}],"version-history":[{"count":22,"href":"https:\/\/africa4tourism.com\/en\/wp-json\/wp\/v2\/pages\/21099\/revisions"}],"predecessor-version":[{"id":25576,"href":"https:\/\/africa4tourism.com\/en\/wp-json\/wp\/v2\/pages\/21099\/revisions\/25576"}],"wp:attachment":[{"href":"https:\/\/africa4tourism.com\/en\/wp-json\/wp\/v2\/media?parent=21099"}],"curies":[{"name":"wp","href":"https:\/\/api.w.org\/{rel}","templated":true}]}}