{"id":22003,"date":"2025-07-01T06:37:11","date_gmt":"2025-07-01T06:37:11","guid":{"rendered":"https:\/\/expert-themes.com\/wp\/constrc\/?page_id=22003"},"modified":"2025-09-15T12:02:09","modified_gmt":"2025-09-15T10:02:09","slug":"contact","status":"publish","type":"page","link":"https:\/\/africa4tourism.com\/en\/contact\/","title":{"rendered":"Contact"},"content":{"rendered":"<div data-elementor-type=\"wp-page\" data-elementor-id=\"22003\" class=\"elementor elementor-22003\">\n\t\t\t\t<div class=\"elementor-element elementor-element-b864c17 e-flex e-con-boxed wpr-particle-no wpr-jarallax-no wpr-parallax-no wpr-sticky-section-no e-con e-parent\" data-id=\"b864c17\" data-element_type=\"container\" data-e-type=\"container\" data-settings=\"{&quot;background_background&quot;:&quot;gradient&quot;}\">\n\t\t\t\t\t<div class=\"e-con-inner\">\n\t\t<div class=\"elementor-element elementor-element-ad64b05 e-con-full e-flex wpr-particle-no wpr-jarallax-no wpr-parallax-no wpr-sticky-section-no e-con e-child\" data-id=\"ad64b05\" data-element_type=\"container\" data-e-type=\"container\">\n\t\t\t\t<div class=\"elementor-element elementor-element-46d56a8 elementor-align-left elementor-widget elementor-widget-heading\" data-id=\"46d56a8\" data-element_type=\"widget\" data-e-type=\"widget\" data-widget_type=\"heading.default\">\n\t\t\t\t<div class=\"elementor-widget-container\">\n\t\t\t\t\t    \t\r\n<div class=\"sec-title main-title-section title-anim   p-0 m-0\">\r\n        <div class=\"sec-title_title te-subtitle\">Contact us<\/div>\r\n        \r\n        <h2 class=\"sec-title_heading te-title\">Send a message<\/h2>\r\n        \r\n    <\/div>\t\t\t\t<\/div>\n\t\t\t\t<\/div>\n\t\t\t\t<div class=\"elementor-element elementor-element-c0334a7 elementor-widget elementor-widget-contact_form\" data-id=\"c0334a7\" data-element_type=\"widget\" data-e-type=\"widget\" data-widget_type=\"contact_form.default\">\n\t\t\t\t<div class=\"elementor-widget-container\">\n\t\t\t\t\t    <div class=\"contact-form default-form p-0 m-0\">\n        <div class=\"exp-contact-form exp-contact-form1 m-0 p-0 notice-style1 box-style-none button-style1 btn-w-auto\" data-wow-delay=\"ms\">\n            \n<div class=\"wpcf7 no-js\" id=\"wpcf7-f22019-o1\" lang=\"en-US\" dir=\"ltr\" data-wpcf7-id=\"22019\">\n<div class=\"screen-reader-response\"><p role=\"status\" aria-live=\"polite\" aria-atomic=\"true\"><\/p> <ul><\/ul><\/div>\n<form action=\"\/en\/wp-json\/wp\/v2\/pages\/22003#wpcf7-f22019-o1\" method=\"post\" class=\"wpcf7-form init\" aria-label=\"Contact form\" novalidate=\"novalidate\" data-status=\"init\" data-trp-original-action=\"\/en\/wp-json\/wp\/v2\/pages\/22003#wpcf7-f22019-o1\">\n<fieldset class=\"hidden-fields-container\"><input type=\"hidden\" name=\"_wpcf7\" value=\"22019\" \/><input type=\"hidden\" name=\"_wpcf7_version\" value=\"6.1.5\" \/><input type=\"hidden\" name=\"_wpcf7_locale\" value=\"en_US\" \/><input type=\"hidden\" name=\"_wpcf7_unit_tag\" value=\"wpcf7-f22019-o1\" \/><input type=\"hidden\" name=\"_wpcf7_container_post\" value=\"0\" \/><input type=\"hidden\" name=\"_wpcf7_posted_data_hash\" value=\"\" \/>\n<\/fieldset>\n<div class=\"row clearfix\">\n\t<div class=\"form-group col-lg-6 col-md-6 col-sm-12\">\n\t\t<p><span class=\"wpcf7-form-control-wrap\" data-name=\"text-179\"><input size=\"40\" maxlength=\"400\" class=\"wpcf7-form-control wpcf7-text wpcf7-validates-as-required\" aria-required=\"true\" aria-invalid=\"false\" placeholder=\"First name\" value=\"\" type=\"text\" name=\"text-179\" \/><\/span>\n\t\t<\/p>\n\t<\/div>\n\t<div class=\"form-group col-lg-6 col-md-6 col-sm-12\">\n\t\t<p><span class=\"wpcf7-form-control-wrap\" data-name=\"text-982\"><input size=\"40\" maxlength=\"400\" class=\"wpcf7-form-control wpcf7-text wpcf7-validates-as-required\" aria-required=\"true\" aria-invalid=\"false\" placeholder=\"Last name\" value=\"\" type=\"text\" name=\"text-982\" \/><\/span>\n\t\t<\/p>\n\t<\/div>\n\t<div class=\"form-group col-lg-6 col-md-6 col-sm-12\">\n\t\t<p><span class=\"wpcf7-form-control-wrap\" data-name=\"email-481\"><input size=\"40\" maxlength=\"400\" class=\"wpcf7-form-control wpcf7-email wpcf7-validates-as-required wpcf7-text wpcf7-validates-as-email\" aria-required=\"true\" aria-invalid=\"false\" placeholder=\"E-mail address\" value=\"\" type=\"email\" name=\"email-481\" \/><\/span>\n\t\t<\/p>\n\t<\/div>\n\t<div class=\"form-group col-lg-6 col-md-6 col-sm-12\">\n\t\t<p><span class=\"wpcf7-form-control-wrap\" data-name=\"text-159\"><input size=\"40\" maxlength=\"400\" class=\"wpcf7-form-control wpcf7-text wpcf7-validates-as-required\" aria-required=\"true\" aria-invalid=\"false\" placeholder=\"Services\" value=\"\" type=\"text\" name=\"text-159\" \/><\/span>\n\t\t<\/p>\n\t<\/div>\n\t<div class=\"form-group col-lg-12 col-md-12 col-sm-12\">\n\t\t<p><span class=\"wpcf7-form-control-wrap\" data-name=\"textarea-895\"><textarea cols=\"40\" rows=\"10\" maxlength=\"2000\" class=\"wpcf7-form-control wpcf7-textarea\" aria-invalid=\"false\" placeholder=\"Your message\" name=\"textarea-895\"><\/textarea><\/span>\n\t\t<\/p>\n\t<\/div>\n\t<div class=\"form-group\">\n\t\t<p><button class=\"theme-btn btn-style-three\"><span class=\"btn-wrap\"><span class=\"text-one\">Send a message <i><img decoding=\"async\" src=\"https:\/\/expert-themes.com\/wp\/constrc\/wp-content\/uploads\/2025\/06\/arrow-1.svg\" alt=\"<?php bloginfo( 'name' ); ? \/>\" \/><\/i><\/span><span class=\"text-two\">Send a message <i><img decoding=\"async\" src=\"https:\/\/expert-themes.com\/wp\/constrc\/wp-content\/uploads\/2025\/06\/arrow-1.svg\" alt=\"<?php bloginfo( 'name' ); ? \/>\" \/><\/i><\/span><\/span><\/button>\n\t\t<\/p>\n\t<\/div>\n<\/div><div class=\"wpcf7-response-output\" aria-hidden=\"true\"><\/div>\n<input type=\"hidden\" name=\"trp-form-language\" value=\"en\"\/><\/form>\n<\/div>\n        <\/div>\n    <\/div>\n\t\t\t\t<\/div>\n\t\t\t\t<\/div>\n\t\t\t\t<\/div>\n\t\t<div class=\"elementor-element elementor-element-71d6b47 e-con-full e-flex wpr-particle-no wpr-jarallax-no wpr-parallax-no wpr-sticky-section-no e-con e-child\" data-id=\"71d6b47\" data-element_type=\"container\" data-e-type=\"container\">\n\t\t\t\t<div class=\"elementor-element elementor-element-048d372 elementor-align-left elementor-widget elementor-widget-heading\" data-id=\"048d372\" data-element_type=\"widget\" data-e-type=\"widget\" data-widget_type=\"heading.default\">\n\t\t\t\t<div class=\"elementor-widget-container\">\n\t\t\t\t\t    \t\r\n<div class=\"sec-title main-title-section title-anim   p-0 m-0\">\r\n        \r\n        <h2 class=\"sec-title_heading te-title\">Coordinates <\/h2>\r\n        \r\n        <div class=\"sec-title_text te-text\">Please fill out this form and our dedicated team will get back to you shortly. <\/div>\r\n    <\/div>\t\t\t\t<\/div>\n\t\t\t\t<\/div>\n\t\t\t\t<div class=\"elementor-element elementor-element-2d6e036 elementor-view-framed elementor-shape-circle elementor-position-block-start elementor-mobile-position-block-start elementor-widget elementor-widget-icon-box\" data-id=\"2d6e036\" data-element_type=\"widget\" data-e-type=\"widget\" data-widget_type=\"icon-box.default\">\n\t\t\t\t\t\t\t<div class=\"elementor-icon-box-wrapper\">\n\n\t\t\t\t\t\t<div class=\"elementor-icon-box-icon\">\n\t\t\t\t<span  class=\"elementor-icon\">\n\t\t\t\t<i aria-hidden=\"true\" class=\"fas fa-map-marker-alt\"><\/i>\t\t\t\t<\/span>\n\t\t\t<\/div>\n\t\t\t\n\t\t\t\t\t\t<div class=\"elementor-icon-box-content\">\n\n\t\t\t\t\t\t\t\t\t<h3 class=\"elementor-icon-box-title\">\n\t\t\t\t\t\t<span  >\n\t\t\t\t\t\t\tLocation\t\t\t\t\t\t<\/span>\n\t\t\t\t\t<\/h3>\n\t\t\t\t\n\t\t\t\t\t\t\t\t\t<p class=\"elementor-icon-box-description\">\n\t\t\t\t\t\tSaly Tap\u00e9e Route de Ngaparou face pharmacie <br> Salve, M'bour, S\u00e9n\u00e9gal\t\t\t\t\t<\/p>\n\t\t\t\t\n\t\t\t<\/div>\n\t\t\t\n\t\t<\/div>\n\t\t\t\t\t\t<\/div>\n\t\t\t\t<div class=\"elementor-element elementor-element-bbc9e0b elementor-view-framed elementor-shape-circle elementor-position-block-start elementor-mobile-position-block-start elementor-widget elementor-widget-icon-box\" data-id=\"bbc9e0b\" data-element_type=\"widget\" data-e-type=\"widget\" data-widget_type=\"icon-box.default\">\n\t\t\t\t\t\t\t<div class=\"elementor-icon-box-wrapper\">\n\n\t\t\t\t\t\t<div class=\"elementor-icon-box-icon\">\n\t\t\t\t<span  class=\"elementor-icon\">\n\t\t\t\t<i aria-hidden=\"true\" class=\"fas fa-phone\"><\/i>\t\t\t\t<\/span>\n\t\t\t<\/div>\n\t\t\t\n\t\t\t\t\t\t<div class=\"elementor-icon-box-content\">\n\n\t\t\t\t\t\t\t\t\t<h3 class=\"elementor-icon-box-title\">\n\t\t\t\t\t\t<span  >\n\t\t\t\t\t\t\tPhones\t\t\t\t\t\t<\/span>\n\t\t\t\t\t<\/h3>\n\t\t\t\t\n\t\t\t\t\t\t\t\t\t<p class=\"elementor-icon-box-description\">\n\t\t\t\t\t\t(+221) 33 957 81 81 <br> \ncontact@africa4tourism.com\n\t\t\t\t\t<\/p>\n\t\t\t\t\n\t\t\t<\/div>\n\t\t\t\n\t\t<\/div>\n\t\t\t\t\t\t<\/div>\n\t\t\t\t<\/div>\n\t\t\t\t\t<\/div>\n\t\t\t\t<\/div>\n\t\t<div class=\"elementor-element elementor-element-b9a4fc1 e-flex e-con-boxed wpr-particle-no wpr-jarallax-no wpr-parallax-no wpr-sticky-section-no e-con e-parent\" data-id=\"b9a4fc1\" data-element_type=\"container\" data-e-type=\"container\" data-settings=\"{&quot;background_background&quot;:&quot;classic&quot;}\">\n\t\t\t\t\t<div class=\"e-con-inner\">\n\t\t<div class=\"elementor-element elementor-element-ea72fc6 e-con-full e-flex wpr-particle-no wpr-jarallax-no wpr-parallax-no wpr-sticky-section-no e-con e-child\" data-id=\"ea72fc6\" data-element_type=\"container\" data-e-type=\"container\">\n\t\t\t\t<div class=\"elementor-element elementor-element-219be7e elementor-widget elementor-widget-google_maps\" data-id=\"219be7e\" data-element_type=\"widget\" data-e-type=\"widget\" data-widget_type=\"google_maps.default\">\n\t\t\t\t\t\t\t<div class=\"elementor-custom-embed\">\n\t\t\t<iframe loading=\"lazy\"\n\t\t\t\t\tsrc=\"https:\/\/maps.google.com\/maps?q=Saly%20Tap%C3%A9e%20Route%20de%20Ngaparou%20face%20pharmacie%20Salve%2C%20M%27bour&#038;t=m&#038;z=14&#038;output=embed&#038;iwloc=near\"\n\t\t\t\t\ttitle=\"Saly Tap\u00e9e Route de Ngaparou opposite pharmacie Salve, M&#039;bour\"\n\t\t\t\t\taria-label=\"Saly Tap\u00e9e Route de Ngaparou opposite pharmacie Salve, M&#039;bour\"\n\t\t\t><\/iframe>\n\t\t<\/div>\n\t\t\t\t\t\t<\/div>\n\t\t\t\t<\/div>\n\t\t\t\t\t<\/div>\n\t\t\t\t<\/div>\n\t\t<div class=\"elementor-element elementor-element-7a796f7 e-con-full e-flex wpr-particle-no wpr-jarallax-no wpr-parallax-no wpr-sticky-section-no e-con e-parent\" data-id=\"7a796f7\" data-element_type=\"container\" data-e-type=\"container\">\n\t\t\t\t<div class=\"elementor-element elementor-element-d209f1b elementor-widget elementor-widget-marquee_text\" data-id=\"d209f1b\" data-element_type=\"widget\" data-e-type=\"widget\" data-widget_type=\"marquee_text.default\">\n\t\t\t\t<div class=\"elementor-widget-container\">\n\t\t\t\t\t\r\n<!-- Marketing One -->\r\n<section class=\"marketing-one\" data-wow-delay=\"ms\">\r\n\t<div class=\"outer-container\">\r\n\t\t<div class=\"animation_mode-two\">\r\n\t\t\t\t\t\t<h1 class=\"te-title dark\">Africa for Tourism \u2013 Expertise dedicated to travel and events.<\/h1>\r\n\t\t\t            \r\n                    \t<span class=\"marketing-one_icon te-icons\">\r\n        \t\t<img decoding=\"async\" width=\"32\" height=\"30\" src=\"https:\/\/africa4tourism.com\/wp-content\/uploads\/2025\/06\/star-1.png\" class=\"attachment-full\" alt=\"\" \/>    \t\t<\/span>\r\n    \t\t\t\t\t\t\t<\/div>\r\n\t<\/div>\r\n<\/section>\r\n<!-- End Marketing One -->\r\n\t\t\t\t<\/div>\n\t\t\t\t<\/div>\n\t\t\t\t<\/div>\n\t\t<div class=\"elementor-element elementor-element-c50f6de e-con-full e-flex wpr-particle-no wpr-jarallax-no wpr-parallax-no wpr-sticky-section-no e-con e-parent\" data-id=\"c50f6de\" data-element_type=\"container\" data-e-type=\"container\">\n\t\t\t\t<div class=\"elementor-element elementor-element-6adefd5 elementor-widget elementor-widget-clients\" data-id=\"6adefd5\" data-element_type=\"widget\" data-e-type=\"widget\" data-widget_type=\"clients.default\">\n\t\t\t\t<div class=\"elementor-widget-container\">\n\t\t\t\t\t    \r\n    <!-- ==== testimonial section start ==== -->\r\n    <section class=\"clients-section p-0 m-0 exp-swiper-sliders exp-post-carousel exp-arrows-active\" data-cursor-drap=\"DRAG\">\r\n        <div class=\"sponsors-outer\">\r\n            <div class=\"sponsors-carousel swiper-container swiper exp-carousel-inner\">                \r\n                <div class=\"clients-one_slider swiper-container exp-swiper-container\" dir=\"ltr\" data-settings=\"{&quot;slide_direction&quot;:&quot;horizontal&quot;,&quot;slide_percolumn&quot;:&quot;1&quot;,&quot;slide_percolumnfill&quot;:&quot;1&quot;,&quot;slide_mode&quot;:&quot;slide&quot;,&quot;slides_to_show&quot;:&quot;5&quot;,&quot;slides_to_show_xxl&quot;:&quot;5&quot;,&quot;slides_to_show_lg&quot;:&quot;4&quot;,&quot;slides_to_show_md&quot;:&quot;3&quot;,&quot;slides_to_show_sm&quot;:&quot;2&quot;,&quot;slides_to_show_xs&quot;:&quot;1&quot;,&quot;slides_to_scroll&quot;:&quot;1&quot;,&quot;slides_gutter&quot;:30,&quot;arrow&quot;:&quot;false&quot;,&quot;pagination&quot;:&quot;false&quot;,&quot;pagination_type&quot;:&quot;bullets&quot;,&quot;autoplay&quot;:&quot;false&quot;,&quot;pause_on_hover&quot;:&quot;true&quot;,&quot;pause_on_interaction&quot;:&quot;true&quot;,&quot;delay&quot;:5000,&quot;loop&quot;:&quot;true&quot;,&quot;speed&quot;:500}\">\r\n                    <div class=\"swiper-wrapper exp-swiper-wrapper\">\r\n                                                <!-- \/.swiper-slide -->\r\n                        <div class=\"swiper-slide exp-swiper-slide\">\r\n                            <div class=\"slide-item\">\r\n                                <figure class=\"image-box\">\r\n                                    <a href=\"#\">\r\n                                        <img decoding=\"async\" src=\"https:\/\/africa4tourism.com\/wp-content\/uploads\/2025\/06\/1.png\" title=\"1\" alt=\"1\" loading=\"lazy\" \/>                                    <\/a>\r\n                                <\/figure>\r\n                            <\/div>                            \r\n                        <\/div>\r\n                        <!-- \/.swiper-slide -->\r\n                        \r\n                                                <!-- \/.swiper-slide -->\r\n                        <div class=\"swiper-slide exp-swiper-slide\">\r\n                            <div class=\"slide-item\">\r\n                                <figure class=\"image-box\">\r\n                                    <a href=\"#\">\r\n                                        <img decoding=\"async\" src=\"https:\/\/africa4tourism.com\/wp-content\/uploads\/2025\/06\/2.png\" title=\"2\" alt=\"2\" loading=\"lazy\" \/>                                    <\/a>\r\n                                <\/figure>\r\n                            <\/div>                            \r\n                        <\/div>\r\n                        <!-- \/.swiper-slide -->\r\n                        \r\n                                                <!-- \/.swiper-slide -->\r\n                        <div class=\"swiper-slide exp-swiper-slide\">\r\n                            <div class=\"slide-item\">\r\n                                <figure class=\"image-box\">\r\n                                    <a href=\"#\">\r\n                                        <img decoding=\"async\" src=\"https:\/\/africa4tourism.com\/wp-content\/uploads\/2025\/06\/3.png\" title=\"3\" alt=\"3\" loading=\"lazy\" \/>                                    <\/a>\r\n                                <\/figure>\r\n                            <\/div>                            \r\n                        <\/div>\r\n                        <!-- \/.swiper-slide -->\r\n                        \r\n                                                <!-- \/.swiper-slide -->\r\n                        <div class=\"swiper-slide exp-swiper-slide\">\r\n                            <div class=\"slide-item\">\r\n                                <figure class=\"image-box\">\r\n                                    <a href=\"#\">\r\n                                        <img decoding=\"async\" src=\"https:\/\/africa4tourism.com\/wp-content\/uploads\/2025\/06\/4.png\" title=\"4\" alt=\"4\" loading=\"lazy\" \/>                                    <\/a>\r\n                                <\/figure>\r\n                            <\/div>                            \r\n                        <\/div>\r\n                        <!-- \/.swiper-slide -->\r\n                        \r\n                                                <!-- \/.swiper-slide -->\r\n                        <div class=\"swiper-slide exp-swiper-slide\">\r\n                            <div class=\"slide-item\">\r\n                                <figure class=\"image-box\">\r\n                                    <a href=\"#\">\r\n                                        <img decoding=\"async\" src=\"https:\/\/africa4tourism.com\/wp-content\/uploads\/2025\/06\/5.png\" title=\"5\" alt=\"5\" loading=\"lazy\" \/>                                    <\/a>\r\n                                <\/figure>\r\n                            <\/div>                            \r\n                        <\/div>\r\n                        <!-- \/.swiper-slide -->\r\n                        \r\n                                            <\/div>\r\n                <\/div>                    \r\n            \r\n                                \r\n                                \r\n            <\/div>\r\n        <\/div>\r\n    <\/section>\r\n     <!-- ==== \/ testimonial section end ==== -->\r\n    \r\n\t\t\t\t<\/div>\n\t\t\t\t<\/div>\n\t\t\t\t<div class=\"elementor-element elementor-element-dafbf74 elementor-align-center elementor-widget elementor-widget-heading\" data-id=\"dafbf74\" data-element_type=\"widget\" data-e-type=\"widget\" data-widget_type=\"heading.default\">\n\t\t\t\t<div class=\"elementor-widget-container\">\n\t\t\t\t\t    \t\r\n<div class=\"sec-title main-title-section title-anim centered p-0 m-0\">\r\n        \r\n        \r\n        <div class=\"sec-title_text te-text\">Our partners <\/div>\r\n    <\/div>\t\t\t\t<\/div>\n\t\t\t\t<\/div>\n\t\t\t\t<\/div>\n\t\t\t\t<\/div>","protected":false},"excerpt":{"rendered":"<p>Contactez-nous Envoyez un message BOOK NOW<\/p>","protected":false},"author":1,"featured_media":0,"parent":0,"menu_order":0,"comment_status":"closed","ping_status":"closed","template":"elementor_header_footer","meta":{"footnotes":""},"class_list":["post-22003","page","type-page","status-publish","hentry"],"_links":{"self":[{"href":"https:\/\/africa4tourism.com\/en\/wp-json\/wp\/v2\/pages\/22003","targetHints":{"allow":["GET"]}}],"collection":[{"href":"https:\/\/africa4tourism.com\/en\/wp-json\/wp\/v2\/pages"}],"about":[{"href":"https:\/\/africa4tourism.com\/en\/wp-json\/wp\/v2\/types\/page"}],"author":[{"embeddable":true,"href":"https:\/\/africa4tourism.com\/en\/wp-json\/wp\/v2\/users\/1"}],"replies":[{"embeddable":true,"href":"https:\/\/africa4tourism.com\/en\/wp-json\/wp\/v2\/comments?post=22003"}],"version-history":[{"count":25,"href":"https:\/\/africa4tourism.com\/en\/wp-json\/wp\/v2\/pages\/22003\/revisions"}],"predecessor-version":[{"id":23931,"href":"https:\/\/africa4tourism.com\/en\/wp-json\/wp\/v2\/pages\/22003\/revisions\/23931"}],"wp:attachment":[{"href":"https:\/\/africa4tourism.com\/en\/wp-json\/wp\/v2\/media?parent=22003"}],"curies":[{"name":"wp","href":"https:\/\/api.w.org\/{rel}","templated":true}]}}